{"id":12286,"date":"2020-02-06T10:52:30","date_gmt":"2020-02-06T09:52:30","guid":{"rendered":"https:\/\/schwulekontakte.com\/?page_id=12286"},"modified":"2020-04-12T18:33:12","modified_gmt":"2020-04-12T16:33:12","slug":"imprimir","status":"publish","type":"page","link":"https:\/\/schwulekontakte.com\/es\/imprimir\/","title":{"rendered":"Pie de imprenta"},"content":{"rendered":"<h1>Pie de imprenta<\/h1>\n<p>&nbsp;<\/p>\n<h4>Informaci\u00f3n conforme al art\u00edculo 5 de la TMG:<\/h4>\n<h4><strong>Contactos gay<\/strong><\/h4>\n<p>Inh. J\u00fcrgen Lange<br>\nSchaperstr. 14<br>\n10719 Berl\u00edn<\/p>\n<h4>Contacto:<\/h4>\n<p>E-Mail:info(at)schwulekontakte.com<\/p>\n<p>&nbsp;<\/p>\n<div class=\"h3\">Responsabilidad<\/div>\n<p>En su sentencia de 12 de mayo de 1998 - 312 O 85\/98 - \"Responsabilidad por enlaces\", el Tribunal Regional de Hamburgo dictamin\u00f3 que, al colocar un enlace en la propia p\u00e1gina web, uno puede ser corresponsable de los contenidos de la p\u00e1gina enlazada. Esto s\u00f3lo puede evitarse distanci\u00e1ndose expresamente de dichos contenidos. Por la presente nos distanciamos expresamente de todos los contenidos de todas las p\u00e1ginas enlazadas en nuestro sitio web y no adoptamos estos contenidos como propios. Esta declaraci\u00f3n se aplica a todos los enlaces publicados en nuestra presencia en Internet y a todos los contenidos de las p\u00e1ginas a las que conducen los banners y enlaces publicados en nuestro sitio web. El Servicio contiene enlaces a otros sitios de Internet, recursos y miembros de este Servicio. No somos responsables de la disponibilidad de estos recursos externos, ni de su contenido, que no aprobamos necesariamente. No somos responsables del contenido de la publicidad, los productos u otros materiales de estos sitios.<\/p>\n<p>Bajo ninguna circunstancia seremos responsables, directa o indirectamente, de cualquier p\u00e9rdida o da\u00f1o supuestamente causado por o en relaci\u00f3n con el uso o la confianza depositada en cualquier contenido, bien o servicio disponible en dichos sitios. Si tiene alguna duda sobre un enlace externo, dir\u00edjase al administrador o webmaster del sitio correspondiente.<br>\nNos distanciamos con toda claridad de cualquier contenido ilegal, que atente contra la personalidad o sea moral o \u00e9ticamente ofensivo. Por favor, inf\u00f3rmenos si debemos enlazar a una oferta de este tipo.<br>\nQuedan reservados todos los derechos, en particular el de reproducci\u00f3n y distribuci\u00f3n, as\u00ed como el de traducci\u00f3n. Ninguna parte de esta obra puede ser reproducida en forma alguna (por fotocopia, microfilm o cualquier otro procedimiento) ni procesada, duplicada o distribuida por medios electr\u00f3nicos sin la autorizaci\u00f3n escrita de los autores.<\/p>\n<div class=\"h3\">Uso indebido de datos personales\/de contacto o fotos<\/div>\n<p>En caso de uso indebido de datos personales\/de contacto o fotos, env\u00ede una copia de su documento de identidad, el nombre del perfil en el que se han utilizado indebidamente los datos, as\u00ed como sus datos de contacto (nombre, tel\u00e9fono, correo electr\u00f3nico) al n\u00famero de fax indicado m\u00e1s arriba.<\/p>\n<div class=\"h3\">Menciones legales<\/div>\n<p>Schwulekontakte.com actualiza y comprueba constantemente la informaci\u00f3n (im\u00e1genes, textos) de sus sitios web. No se asume responsabilidad ni garant\u00eda alguna por la exactitud, actualidad e integridad de la informaci\u00f3n contenida en singlekartei.de. Lo mismo se aplica a todos los dem\u00e1s sitios web a los que se hace referencia mediante hiperv\u00ednculos. Schwulekontakte.com no se hace responsable del contenido de los sitios web a los que se acceda a trav\u00e9s de un enlace de este tipo.<\/p>","protected":false},"excerpt":{"rendered":"<p>Pie de imprenta Informaci\u00f3n seg\u00fan \u00a7 5 TMG: Schwulekontakte Inh. J\u00fcrgen Lange Schaperstr. 14 10719 Berlin Contacto: E-Mail:info(at)schwulekontakte.com Responsabilidad En su sentencia de 12 de mayo de 1998 - 312 O 85\/98 - \"Responsabilidad por enlaces\", el Tribunal Regional de Hamburgo dictamin\u00f3 que la inclusi\u00f3n de un enlace puede implicar la responsabilidad conjunta por el contenido de la p\u00e1gina enlazada. Esto puede... <a href=\"https:\/\/schwulekontakte.com\/es\/imprimir\/\">Seguir leyendo<\/a><\/p>","protected":false},"author":1,"featured_media":0,"parent":0,"menu_order":0,"comment_status":"closed","ping_status":"closed","template":"","meta":[],"yoast_head":"<!-- This site is optimized with the Yoast SEO Premium plugin v21.0 (Yoast SEO v21.8.1) - https:\/\/yoast.com\/wordpress\/plugins\/seo\/ -->\n<title>Impressum von schwulekontakte.com dem Kontaktmagazin<\/title>\n<meta name=\"description\" content=\"Hier findest du das Impressum von schwulekontakte.com | Gay-Kontakte &gt; Gay Dating &gt; Gay Sexanzeigen, aus Deutschland, \u00d6sterreich &amp; Schweiz\" \/>\n<meta name=\"robots\" content=\"noindex, nofollow\" \/>\n<meta property=\"og:locale\" content=\"es_ES\" \/>\n<meta property=\"og:type\" content=\"article\" \/>\n<meta property=\"og:title\" content=\"Impressum\" \/>\n<meta property=\"og:description\" content=\"Hier findest du das Impressum von schwulekontakte.com | Gay-Kontakte &gt; Gay Dating &gt; Gay Sexanzeigen, aus Deutschland, \u00d6sterreich &amp; Schweiz\" \/>\n<meta property=\"og:url\" content=\"https:\/\/schwulekontakte.com\/es\/imprimir\/\" \/>\n<meta property=\"og:site_name\" content=\"Schwulekontakte.com\" \/>\n<meta property=\"article:publisher\" content=\"https:\/\/www.facebook.com\/Schwulekontakte\" \/>\n<meta property=\"article:modified_time\" content=\"2020-04-12T16:33:12+00:00\" \/>\n<meta name=\"twitter:card\" content=\"summary_large_image\" \/>\n<meta name=\"twitter:site\" content=\"@schwulekontakt1\" \/>\n<meta name=\"twitter:label1\" content=\"Tiempo de lectura\" \/>\n\t<meta name=\"twitter:data1\" content=\"2 minutos\" \/>\n<script type=\"application\/ld+json\" class=\"yoast-schema-graph\">{\"@context\":\"https:\/\/schema.org\",\"@graph\":[{\"@type\":\"WebPage\",\"@id\":\"https:\/\/schwulekontakte.com\/es\/impressum\/\",\"url\":\"https:\/\/schwulekontakte.com\/es\/impressum\/\",\"name\":\"Impressum von schwulekontakte.com dem Kontaktmagazin\",\"isPartOf\":{\"@id\":\"https:\/\/schwulekontakte.com\/#website\"},\"datePublished\":\"2020-02-06T09:52:30+00:00\",\"dateModified\":\"2020-04-12T16:33:12+00:00\",\"description\":\"Hier findest du das Impressum von schwulekontakte.com | Gay-Kontakte > Gay Dating > Gay Sexanzeigen, aus Deutschland, \u00d6sterreich & Schweiz\",\"breadcrumb\":{\"@id\":\"https:\/\/schwulekontakte.com\/es\/impressum\/#breadcrumb\"},\"inLanguage\":\"es\",\"potentialAction\":[{\"@type\":\"ReadAction\",\"target\":[\"https:\/\/schwulekontakte.com\/es\/impressum\/\"]}]},{\"@type\":\"BreadcrumbList\",\"@id\":\"https:\/\/schwulekontakte.com\/es\/impressum\/#breadcrumb\",\"itemListElement\":[{\"@type\":\"ListItem\",\"position\":1,\"name\":\"Startseite\",\"item\":\"https:\/\/schwulekontakte.com\/\"},{\"@type\":\"ListItem\",\"position\":2,\"name\":\"Impressum\"}]},{\"@type\":\"WebSite\",\"@id\":\"https:\/\/schwulekontakte.com\/#website\",\"url\":\"https:\/\/schwulekontakte.com\/\",\"name\":\"Schwulekontakte.com\",\"description\":\"schwulekontakte.com\",\"potentialAction\":[{\"@type\":\"SearchAction\",\"target\":{\"@type\":\"EntryPoint\",\"urlTemplate\":\"https:\/\/schwulekontakte.com\/?s={search_term_string}\"},\"query-input\":\"required name=search_term_string\"}],\"inLanguage\":\"es\"}]}<\/script>\n<!-- \/ Yoast SEO Premium plugin. -->","yoast_head_json":{"title":"Pie de imprenta de schwulekontakte.com la revista de contactos","description":"Aqu\u00ed usted puede encontrar la huella de schwulekontakte.com | Gay-Kontakte &gt; Gay Dating &gt; Gay Sex Ads, de Alemania, Austria y Suiza","robots":{"index":"noindex","follow":"nofollow"},"og_locale":"es_ES","og_type":"article","og_title":"Impressum","og_description":"Hier findest du das Impressum von schwulekontakte.com | Gay-Kontakte > Gay Dating > Gay Sexanzeigen, aus Deutschland, \u00d6sterreich & Schweiz","og_url":"https:\/\/schwulekontakte.com\/es\/imprimir\/","og_site_name":"Schwulekontakte.com","article_publisher":"https:\/\/www.facebook.com\/Schwulekontakte","article_modified_time":"2020-04-12T16:33:12+00:00","twitter_card":"summary_large_image","twitter_site":"@schwulekontakt1","twitter_misc":{"Tiempo de lectura":"2 minutos"},"schema":{"@context":"https:\/\/schema.org","@graph":[{"@type":"WebPage","@id":"https:\/\/schwulekontakte.com\/es\/impressum\/","url":"https:\/\/schwulekontakte.com\/es\/impressum\/","name":"Pie de imprenta de schwulekontakte.com la revista de contactos","isPartOf":{"@id":"https:\/\/schwulekontakte.com\/#website"},"datePublished":"2020-02-06T09:52:30+00:00","dateModified":"2020-04-12T16:33:12+00:00","description":"Aqu\u00ed usted puede encontrar la huella de schwulekontakte.com | Gay-Kontakte &gt; Gay Dating &gt; Gay Sex Ads, de Alemania, Austria y Suiza","breadcrumb":{"@id":"https:\/\/schwulekontakte.com\/es\/impressum\/#breadcrumb"},"inLanguage":"es","potentialAction":[{"@type":"ReadAction","target":["https:\/\/schwulekontakte.com\/es\/impressum\/"]}]},{"@type":"BreadcrumbList","@id":"https:\/\/schwulekontakte.com\/es\/impressum\/#breadcrumb","itemListElement":[{"@type":"ListItem","position":1,"name":"Startseite","item":"https:\/\/schwulekontakte.com\/"},{"@type":"ListItem","position":2,"name":"Impressum"}]},{"@type":"WebSite","@id":"https:\/\/schwulekontakte.com\/#website","url":"https:\/\/schwulekontakte.com\/","name":"Gaycontacts.com","description":"gaycontacts.com","potentialAction":[{"@type":"SearchAction","target":{"@type":"EntryPoint","urlTemplate":"https:\/\/schwulekontakte.com\/?s={search_term_string}"},"query-input":"required name=search_term_string"}],"inLanguage":"es"}]}},"post_mailing_queue_ids":[],"_links":{"self":[{"href":"https:\/\/schwulekontakte.com\/es\/wp-json\/wp\/v2\/pages\/12286"}],"collection":[{"href":"https:\/\/schwulekontakte.com\/es\/wp-json\/wp\/v2\/pages"}],"about":[{"href":"https:\/\/schwulekontakte.com\/es\/wp-json\/wp\/v2\/types\/page"}],"author":[{"embeddable":true,"href":"https:\/\/schwulekontakte.com\/es\/wp-json\/wp\/v2\/users\/1"}],"replies":[{"embeddable":true,"href":"https:\/\/schwulekontakte.com\/es\/wp-json\/wp\/v2\/comments?post=12286"}],"version-history":[{"count":0,"href":"https:\/\/schwulekontakte.com\/es\/wp-json\/wp\/v2\/pages\/12286\/revisions"}],"wp:attachment":[{"href":"https:\/\/schwulekontakte.com\/es\/wp-json\/wp\/v2\/media?parent=12286"}],"curies":[{"name":"wp","href":"https:\/\/api.w.org\/{rel}","templated":true}]}}