{"id":3,"date":"2020-02-05T09:50:42","date_gmt":"2020-02-05T08:50:42","guid":{"rendered":"https:\/\/schwulekontakte.com\/?page_id=3"},"modified":"2020-04-12T19:11:44","modified_gmt":"2020-04-12T17:11:44","slug":"declaracion-de-proteccion-de-datos","status":"publish","type":"page","link":"https:\/\/schwulekontakte.com\/es\/declaracion-de-proteccion-de-datos\/","title":{"rendered":"Pol\u00edtica de privacidad"},"content":{"rendered":"<h1>Pol\u00edtica de privacidad<\/h1>\n<p><strong>Alcance<\/strong><\/p>\n<p>Esta declaraci\u00f3n de privacidad informa a los usuarios sobre la naturaleza, el alcance y la finalidad de la recopilaci\u00f3n y el uso de datos personales por parte del proveedor responsable, el Sr. J\u00fcrgen Lange, <span class=\"text_exposed_show\">Schaperstr. 14, 10719 Berl\u00edn. Contacto: info(at)<span class=\"fwb\">gaycontacts.com<\/span> <\/span>en este sitio web (en lo sucesivo, la \"Oferta\").<\/p>\n<p>La base jur\u00eddica de la protecci\u00f3n de datos se encuentra en la Ley Federal de Protecci\u00f3n de Datos (BDSG) y en la Ley de Telemedios (TMG).<\/p>\n<p><strong>Datos de acceso\/ Archivos de registro del servidor<\/strong><\/p>\n<p>El proveedor (o su proveedor de espacio web) recopila datos sobre cada acceso a la oferta (los denominados archivos de registro del servidor). Los datos de acceso incluyen:<\/p>\n<p>Nombre del sitio web al que se ha accedido, archivo, fecha y hora de acceso, cantidad de datos transferidos, notificaci\u00f3n de acceso correcto, tipo y versi\u00f3n del navegador, sistema operativo del usuario, URL de referencia (la p\u00e1gina visitada anteriormente), direcci\u00f3n IP y el proveedor solicitante.<\/p>\n<p>El proveedor utiliza los datos de registro \u00fanicamente para evaluaciones estad\u00edsticas con fines de funcionamiento, seguridad y optimizaci\u00f3n de la oferta. No obstante, el proveedor se reserva el derecho a comprobar posteriormente los datos de registro si existe una sospecha justificada de uso il\u00edcito debido a indicios concretos.<\/p>\n<p><strong>Tratamiento de datos personales<\/strong><\/p>\n<p>Los datos personales son informaci\u00f3n que puede utilizarse para identificar a una persona, es decir, informaci\u00f3n que puede rastrearse hasta una persona. Esto incluye el nombre, la direcci\u00f3n de correo electr\u00f3nico o el n\u00famero de tel\u00e9fono. Pero tambi\u00e9n cuentan como datos personales los datos sobre preferencias, aficiones, afiliaciones o qu\u00e9 sitios web ha visitado una persona.<\/p>\n<p>El proveedor s\u00f3lo recopila, utiliza y transmite datos personales si la ley lo permite o si los usuarios dan su consentimiento a la recopilaci\u00f3n de datos.<\/p>\n<p><strong>P\u00f3ngase en contacto con<\/strong><\/p>\n<p>Al ponerse en contacto con el proveedor (por ejemplo, a trav\u00e9s de un formulario de contacto o por correo electr\u00f3nico), los datos del usuario se almacenan con el fin de procesar la consulta y en caso de que surjan preguntas de seguimiento.<\/p>\n<p><strong>Comentarios y contribuciones<\/strong><\/p>\n<p>Cuando los usuarios dejan comentarios en el blog o en otras entradas, se almacenan sus direcciones IP. Esto se hace por la seguridad del proveedor en caso de que alguien escriba contenido ilegal en comentarios y posts (insultos, propaganda pol\u00edtica prohibida, etc.). En este caso, el propio proveedor puede ser procesado por el comentario o post y, por tanto, est\u00e1 interesado en la identidad del autor.<\/p>\n<p><strong>Suscripci\u00f3n a comentarios<\/strong><\/p>\n<p>Los usuarios pueden suscribirse a los comentarios de seguimiento. Los usuarios recibir\u00e1n un correo electr\u00f3nico de confirmaci\u00f3n para verificar que son los propietarios de la direcci\u00f3n de correo electr\u00f3nico introducida. Los usuarios pueden darse de baja de las suscripciones a comentarios de seguimiento en cualquier momento. El correo electr\u00f3nico de confirmaci\u00f3n contendr\u00e1 instrucciones sobre c\u00f3mo hacerlo.<\/p>\n<p><strong>Bolet\u00edn<\/strong><\/p>\n<p>Con el bolet\u00edn le informamos sobre nosotros y nuestras ofertas.<\/p>\n<p>Si desea recibir el bolet\u00edn, necesitamos que nos facilite una direcci\u00f3n de correo electr\u00f3nico v\u00e1lida, as\u00ed como informaci\u00f3n que nos permita verificar que usted es el titular de la direcci\u00f3n de correo electr\u00f3nico facilitada o que el titular acepta recibir el bolet\u00edn. No se recoger\u00e1 ning\u00fan otro dato. Estos datos s\u00f3lo se utilizan para enviar el bolet\u00edn y no se transmiten a terceros.<\/p>\n<p>Cuando se registra para recibir el bolet\u00edn, almacenamos su direcci\u00f3n IP y la fecha de registro. Este almacenamiento sirve \u00fanicamente como prueba en caso de que un tercero haga un uso indebido de una direcci\u00f3n de correo electr\u00f3nico y se registre para recibir el bolet\u00edn sin conocimiento de la persona autorizada.<\/p>\n<p>Puede revocar en cualquier momento su consentimiento para el almacenamiento de los datos, la direcci\u00f3n de correo electr\u00f3nico y su uso para el env\u00edo del bolet\u00edn. La revocaci\u00f3n puede realizarse a trav\u00e9s de un enlace en los propios boletines, en su \u00e1rea de perfil o enviando un mensaje a las opciones de contacto arriba indicadas.<\/p>\n<p><strong>Integraci\u00f3n de servicios y contenidos de terceros<\/strong><\/p>\n<p>Puede ocurrir que en esta oferta en l\u00ednea se integren contenidos de terceros, como v\u00eddeos de YouTube, mapas de Google Maps, canales RSS o gr\u00e1ficos de otros sitios web. Esto supone siempre que los proveedores de estos contenidos (en lo sucesivo, \"proveedores terceros\") conocen la direcci\u00f3n IP del usuario. Sin la direcci\u00f3n IP, no podr\u00edan enviar el contenido al navegador del usuario correspondiente. La direcci\u00f3n IP es, por tanto, necesaria para la visualizaci\u00f3n de estos contenidos. Nos esforzamos por utilizar \u00fanicamente contenidos cuyos respectivos proveedores s\u00f3lo utilizan la direcci\u00f3n IP para entregar el contenido. Sin embargo, no podemos influir en el hecho de que los proveedores almacenen la direcci\u00f3n IP, por ejemplo, con fines estad\u00edsticos. En la medida en que tenemos conocimiento de ello, informamos a los usuarios al respecto.<\/p>\n<p><strong>Getty Images<\/strong><\/p>\n<p>En esta oferta pueden integrarse las im\u00e1genes del proveedor de im\u00e1genes de archivo Getty Images. Las im\u00e1genes son reconocibles por un marco con la referencia \"Getty Images\". La visualizaci\u00f3n de estas im\u00e1genes requiere que Getty Images perciba la direcci\u00f3n IP del usuario para que las im\u00e1genes puedan ser entregadas al navegador del usuario. As\u00ed pues, la direcci\u00f3n IP es necesaria para la visualizaci\u00f3n de este contenido. Seg\u00fan los conocimientos actuales, la direcci\u00f3n IP s\u00f3lo se utiliza para este fin. Sin embargo, el proveedor no tiene influencia alguna sobre el hecho de que Getty Images almacene la direcci\u00f3n IP, por ejemplo, con fines estad\u00edsticos. Si el proveedor tiene conocimiento de ello, se informar\u00e1 a los usuarios o se retirar\u00e1n las im\u00e1genes.<\/p>\n<p>Para m\u00e1s informaci\u00f3n, consulte la pol\u00edtica de privacidad de Getty Images: http:\/\/www.gettyimages.de\/Corporate\/PrivacyPolicy.aspx<\/p>\n<p><strong>Cookies<\/strong><\/p>\n<p>Las cookies son peque\u00f1os archivos que permiten almacenar informaci\u00f3n espec\u00edfica, relacionada con el dispositivo, en el dispositivo de acceso del usuario (PC, smartphone o similar). Por un lado, sirven para facilitar el uso de los sitios web y, por tanto, de los usuarios (por ejemplo, almacenamiento de datos de inicio de sesi\u00f3n). Por otro lado, sirven para recopilar datos estad\u00edsticos sobre el uso del sitio web y poder analizarlos con el fin de mejorar la oferta. Los usuarios pueden influir en el uso de las cookies. La mayor\u00eda de los navegadores disponen de una opci\u00f3n para restringir o impedir completamente el almacenamiento de cookies. No obstante, se se\u00f1ala que el uso y, en particular, la comodidad del usuario se ver\u00e1n restringidos sin cookies.<\/p>\n<p>Puede gestionar muchas cookies de publicidad en l\u00ednea de empresas a trav\u00e9s del sitio de EE.UU. http:\/\/www.aboutads.info\/choices\/ o del sitio de la UE http:\/\/www.youronlinechoices.com\/uk\/your-ad-choices\/.<\/p>\n<p><strong>Funci\u00f3n de registro<\/strong><\/p>\n<p>Los datos introducidos durante el registro se utilizan para hacer uso de la oferta. Los usuarios pueden ser informados por correo electr\u00f3nico sobre informaci\u00f3n relevante para la oferta o el registro, como cambios en el alcance de la oferta o circunstancias t\u00e9cnicas. Los datos recogidos pueden verse en la m\u00e1scara de entrada en el marco del registro.<\/p>\n<p><strong>Google Analytics<\/strong><\/p>\n<p>Este sitio web utiliza Google Analytics, un servicio anal\u00edtico de web prestado por Google, Inc (\"Google\"). Google Analytics utiliza \"cookies\", que son archivos de texto ubicados en su ordenador, para ayudar al website a analizar el uso que hacen los usuarios del sitio web. La informaci\u00f3n que genera la cookie acerca del uso de este sitio web por parte de los usuarios suele transmitirse a un servidor de Google en EE.UU. y almacenarse all\u00ed.<\/p>\n<p>No obstante, en caso de que se active la anonimizaci\u00f3n de IP en este sitio web, Google truncar\u00e1 previamente la direcci\u00f3n IP del usuario dentro de los Estados miembros de la Uni\u00f3n Europea o en otros Estados contratantes del Acuerdo sobre el Espacio Econ\u00f3mico Europeo. S\u00f3lo en casos excepcionales se transmitir\u00e1 la direcci\u00f3n IP completa a un servidor de Google en EE.UU. y se acortar\u00e1 all\u00ed. La anonimizaci\u00f3n de IP en este sitio web es <a href=\"https:\/\/schwulekontakte.com\/es\/lexico\/activo\/\" target=\"_self\" title=\"Activo, la parte sexual de los hombres dominantes El t\u00e9rmino &quot;activo&quot; se utiliza para describir a una pareja que asume la parte activa durante el sexo. Pero, \u00bfqu\u00e9 significa realmente en el sexo cotidiano? B\u00e1sicamente, &quot;activo&quot; puede interpretarse aqu\u00ed de dos maneras. Por ejemplo, el que controla la acci\u00f3n, toma la iniciativa por su cuenta, etc. es m\u00e1s dominante que el que...\" class=\"encyclopedia\">activo<\/a>. En nombre del operador de este sitio web, Google usar\u00e1 esta informaci\u00f3n con el prop\u00f3sito de evaluar el uso del sitio web por parte de los usuarios, recopilando informes de la actividad del sitio web y prestando otros servicios relacionados con la actividad del sitio web y el uso de Internet al operador del sitio web.<\/p>\n<p>La direcci\u00f3n IP transmitida por su navegador como parte de Google Analytics no se fusionar\u00e1 con otros datos de Google. Los usuarios pueden rechazar el uso de cookies seleccionando la configuraci\u00f3n apropiada en su navegador; sin embargo, tenga en cuenta que si lo hace es posible que no pueda utilizar todas las funciones de este sitio web. Los usuarios tambi\u00e9n pueden evitar la recopilaci\u00f3n de datos generados por la cookie y relacionados con su uso del sitio web (incluida su direcci\u00f3n IP) por parte de Google y el procesamiento de estos datos por parte de Google descargando e instalando el complemento del navegador disponible en el siguiente enlace: http:\/\/tools.google.com\/dlpage\/gaoptout?hl=de.<\/p>\n<p>Como alternativa al complemento del navegador o dentro de los navegadores en dispositivos m\u00f3viles, <a id=\"GAOptOut\" title=\"Establecer la cookie de inhabilitaci\u00f3n de Google Analytics\"><\/a>Haga clic en este enlace para evitar que Google Analytics recopile datos en este sitio web en el futuro. Esto colocar\u00e1 una cookie de inhabilitaci\u00f3n en su dispositivo. Si borra las cookies, deber\u00e1 volver a hacer clic en este enlace.<\/p>\n<p><strong>Tumblr<\/strong><\/p>\n<p>Este sitio web utiliza los botones del servicio Tumblr. Estos botones son ofrecidos por Tumblr, Inc., 35 East 21st St, 10th Floor, New York, NY 10010, USA, hilfe@tumblr.com. Son reconocibles por el t\u00e9rmino \"Tumblr\". Con la ayuda de los botones, es posible compartir una publicaci\u00f3n o p\u00e1gina de esta oferta en Tumblr o seguir al proveedor en Tumblr.<\/p>\n<p>Cuando un usuario accede a una p\u00e1gina web de este sitio web que contiene un bot\u00f3n de este tipo, su navegador establece una conexi\u00f3n directa con los servidores de Tumblr. El contenido del bot\u00f3n de Tumblr es transmitido por Tumblr directamente al navegador del usuario. Por lo tanto, el proveedor no tiene ninguna influencia sobre el alcance de los datos que Tumblr recopila con la ayuda de este plugin e informa a los usuarios seg\u00fan su estado de conocimiento. De acuerdo con esto, s\u00f3lo se transmiten la direcci\u00f3n IP del usuario y la URL del sitio web respectivo cuando se utiliza el bot\u00f3n, pero no para otros fines que no sean la visualizaci\u00f3n del bot\u00f3n.<\/p>\n<p>Encontrar\u00e1 m\u00e1s informaci\u00f3n al respecto en la pol\u00edtica de privacidad de Tumblr en http:\/\/www.tumblr.com\/policy\/de\/privacy.<\/p>\n<p><strong>Revocaci\u00f3n, modificaciones, correcciones y actualizaciones<\/strong><\/p>\n<p>El usuario tiene derecho, previa solicitud y de forma gratuita, a obtener informaci\u00f3n sobre los datos personales almacenados sobre su persona. Adem\u00e1s, el usuario tiene derecho a corregir los datos incorrectos, bloquear y eliminar sus datos personales, en la medida en que ello no entre en conflicto con ninguna obligaci\u00f3n legal de conservar los datos.<\/p>","protected":false},"excerpt":{"rendered":"<p>\u00c1mbito de validez Esta pol\u00edtica de privacidad aclara a los usuarios la naturaleza, el alcance y la finalidad de la recopilaci\u00f3n y el uso de datos personales por parte del proveedor responsable, el Sr. J\u00fcrgen Lange, Schaperstr. 14, 10719 Berl\u00edn. Contacto: info(at)schwulekontakte.com en este sitio web (en lo sucesivo, \"oferta\"). La base jur\u00eddica para la protecci\u00f3n de datos se encuentra en la Ley Federal de Protecci\u00f3n de Datos (BDSG) y la Ley de Telemedios (TMG). Datos de acceso\/archivos de registro del servidor... <a href=\"https:\/\/schwulekontakte.com\/es\/declaracion-de-proteccion-de-datos\/\">Seguir leyendo<\/a><\/p>","protected":false},"author":1,"featured_media":0,"parent":0,"menu_order":0,"comment_status":"closed","ping_status":"open","template":"","meta":[],"yoast_head":"<!-- This site is optimized with the Yoast SEO Premium plugin v21.0 (Yoast SEO v21.8.1) - https:\/\/yoast.com\/wordpress\/plugins\/seo\/ -->\n<title>Datenschutzerkl\u00e4rung - Schwulekontakte.com<\/title>\n<meta name=\"robots\" content=\"noindex, follow\" \/>\n<meta property=\"og:locale\" content=\"es_ES\" \/>\n<meta property=\"og:type\" content=\"article\" \/>\n<meta property=\"og:title\" content=\"Datenschutzerkl\u00e4rung\" \/>\n<meta property=\"og:description\" content=\"Datenschutzerkl\u00e4rung Geltungsbereich Diese Datenschutzerkl\u00e4rung kl\u00e4rt Nutzer \u00fcber die Art, den Umfang und Zwecke der Erhebung und Verwendung personenbezogener Daten durch den verantwortlichen Anbieter Herr J\u00fcrgen Lange, Schaperstr. 14, 10719 Berlin. Kontakt: info(at)schwulekontakte.com auf dieser Website (im folgenden \u201cAngebot\u201d) auf. Die rechtlichen Grundlagen des Datenschutzes finden sich im Bundesdatenschutzgesetz (BDSG) und dem Telemediengesetz (TMG). Zugriffsdaten\/ Server-Logfiles\u2026 weiterlesen\" \/>\n<meta property=\"og:url\" content=\"https:\/\/schwulekontakte.com\/es\/declaracion-de-proteccion-de-datos\/\" \/>\n<meta property=\"og:site_name\" content=\"Schwulekontakte.com\" \/>\n<meta property=\"article:publisher\" content=\"https:\/\/www.facebook.com\/Schwulekontakte\" \/>\n<meta property=\"article:modified_time\" content=\"2020-04-12T17:11:44+00:00\" \/>\n<meta name=\"twitter:card\" content=\"summary_large_image\" \/>\n<meta name=\"twitter:site\" content=\"@schwulekontakt1\" \/>\n<meta name=\"twitter:label1\" content=\"Tiempo de lectura\" \/>\n\t<meta name=\"twitter:data1\" content=\"8 minutos\" \/>\n<script type=\"application\/ld+json\" class=\"yoast-schema-graph\">{\"@context\":\"https:\/\/schema.org\",\"@graph\":[{\"@type\":\"WebPage\",\"@id\":\"https:\/\/schwulekontakte.com\/es\/datenschutzerklaerung\/\",\"url\":\"https:\/\/schwulekontakte.com\/es\/datenschutzerklaerung\/\",\"name\":\"Datenschutzerkl\u00e4rung - Schwulekontakte.com\",\"isPartOf\":{\"@id\":\"https:\/\/schwulekontakte.com\/#website\"},\"datePublished\":\"2020-02-05T08:50:42+00:00\",\"dateModified\":\"2020-04-12T17:11:44+00:00\",\"breadcrumb\":{\"@id\":\"https:\/\/schwulekontakte.com\/es\/datenschutzerklaerung\/#breadcrumb\"},\"inLanguage\":\"es\",\"potentialAction\":[{\"@type\":\"ReadAction\",\"target\":[\"https:\/\/schwulekontakte.com\/es\/datenschutzerklaerung\/\"]}]},{\"@type\":\"BreadcrumbList\",\"@id\":\"https:\/\/schwulekontakte.com\/es\/datenschutzerklaerung\/#breadcrumb\",\"itemListElement\":[{\"@type\":\"ListItem\",\"position\":1,\"name\":\"Startseite\",\"item\":\"https:\/\/schwulekontakte.com\/\"},{\"@type\":\"ListItem\",\"position\":2,\"name\":\"Datenschutzerkl\u00e4rung\"}]},{\"@type\":\"WebSite\",\"@id\":\"https:\/\/schwulekontakte.com\/#website\",\"url\":\"https:\/\/schwulekontakte.com\/\",\"name\":\"Schwulekontakte.com\",\"description\":\"schwulekontakte.com\",\"potentialAction\":[{\"@type\":\"SearchAction\",\"target\":{\"@type\":\"EntryPoint\",\"urlTemplate\":\"https:\/\/schwulekontakte.com\/?s={search_term_string}\"},\"query-input\":\"required name=search_term_string\"}],\"inLanguage\":\"es\"}]}<\/script>\n<!-- \/ Yoast SEO Premium plugin. -->","yoast_head_json":{"title":"Pol\u00edtica de privacidad - Schwulekontakte.com","robots":{"index":"noindex","follow":"follow"},"og_locale":"es_ES","og_type":"article","og_title":"Datenschutzerkl\u00e4rung","og_description":"Datenschutzerkl\u00e4rung Geltungsbereich Diese Datenschutzerkl\u00e4rung kl\u00e4rt Nutzer \u00fcber die Art, den Umfang und Zwecke der Erhebung und Verwendung personenbezogener Daten durch den verantwortlichen Anbieter Herr J\u00fcrgen Lange, Schaperstr. 14, 10719 Berlin. Kontakt: info(at)schwulekontakte.com auf dieser Website (im folgenden \u201cAngebot\u201d) auf. Die rechtlichen Grundlagen des Datenschutzes finden sich im Bundesdatenschutzgesetz (BDSG) und dem Telemediengesetz (TMG). Zugriffsdaten\/ Server-Logfiles\u2026 weiterlesen","og_url":"https:\/\/schwulekontakte.com\/es\/declaracion-de-proteccion-de-datos\/","og_site_name":"Schwulekontakte.com","article_publisher":"https:\/\/www.facebook.com\/Schwulekontakte","article_modified_time":"2020-04-12T17:11:44+00:00","twitter_card":"summary_large_image","twitter_site":"@schwulekontakt1","twitter_misc":{"Tiempo de lectura":"8 minutos"},"schema":{"@context":"https:\/\/schema.org","@graph":[{"@type":"WebPage","@id":"https:\/\/schwulekontakte.com\/es\/datenschutzerklaerung\/","url":"https:\/\/schwulekontakte.com\/es\/datenschutzerklaerung\/","name":"Pol\u00edtica de privacidad - Schwulekontakte.com","isPartOf":{"@id":"https:\/\/schwulekontakte.com\/#website"},"datePublished":"2020-02-05T08:50:42+00:00","dateModified":"2020-04-12T17:11:44+00:00","breadcrumb":{"@id":"https:\/\/schwulekontakte.com\/es\/datenschutzerklaerung\/#breadcrumb"},"inLanguage":"es","potentialAction":[{"@type":"ReadAction","target":["https:\/\/schwulekontakte.com\/es\/datenschutzerklaerung\/"]}]},{"@type":"BreadcrumbList","@id":"https:\/\/schwulekontakte.com\/es\/datenschutzerklaerung\/#breadcrumb","itemListElement":[{"@type":"ListItem","position":1,"name":"Startseite","item":"https:\/\/schwulekontakte.com\/"},{"@type":"ListItem","position":2,"name":"Datenschutzerkl\u00e4rung"}]},{"@type":"WebSite","@id":"https:\/\/schwulekontakte.com\/#website","url":"https:\/\/schwulekontakte.com\/","name":"Gaycontacts.com","description":"gaycontacts.com","potentialAction":[{"@type":"SearchAction","target":{"@type":"EntryPoint","urlTemplate":"https:\/\/schwulekontakte.com\/?s={search_term_string}"},"query-input":"required name=search_term_string"}],"inLanguage":"es"}]}},"post_mailing_queue_ids":[],"_links":{"self":[{"href":"https:\/\/schwulekontakte.com\/es\/wp-json\/wp\/v2\/pages\/3"}],"collection":[{"href":"https:\/\/schwulekontakte.com\/es\/wp-json\/wp\/v2\/pages"}],"about":[{"href":"https:\/\/schwulekontakte.com\/es\/wp-json\/wp\/v2\/types\/page"}],"author":[{"embeddable":true,"href":"https:\/\/schwulekontakte.com\/es\/wp-json\/wp\/v2\/users\/1"}],"replies":[{"embeddable":true,"href":"https:\/\/schwulekontakte.com\/es\/wp-json\/wp\/v2\/comments?post=3"}],"version-history":[{"count":0,"href":"https:\/\/schwulekontakte.com\/es\/wp-json\/wp\/v2\/pages\/3\/revisions"}],"wp:attachment":[{"href":"https:\/\/schwulekontakte.com\/es\/wp-json\/wp\/v2\/media?parent=3"}],"curies":[{"name":"wp","href":"https:\/\/api.w.org\/{rel}","templated":true}]}}